{"id":18,"date":"2019-10-09T22:14:06","date_gmt":"2019-10-09T20:14:06","guid":{"rendered":"http:\/\/wp.ggs-marktschule.de\/?page_id=18"},"modified":"2026-04-13T10:20:16","modified_gmt":"2026-04-13T08:20:16","slug":"foerderverein","status":"publish","type":"page","link":"https:\/\/ggs-marktschule.de\/index.php\/foerderverein\/","title":{"rendered":"F\u00f6rderverein"},"content":{"rendered":"\n<h1 class=\"wp-block-heading\">&#8222;F\u00f6r de P\u00e4nz e.V&#8220; der F\u00f6rderverein der Marktschule<\/h1>\n\n\n\n<figure class=\"wp-block-image\"><img loading=\"lazy\" decoding=\"async\" width=\"222\" height=\"106\" src=\"https:\/\/ggs-marktschule.de\/wp-content\/uploads\/2019\/10\/foerderverein.png\" alt=\"\" class=\"wp-image-268\"\/><\/figure>\n\n\n\n<h2 class=\"wp-block-heading\">Herzlich Willkommen auf unserer Homepage!<\/h2>\n\n\n\n<div class=\"wp-block-file\"><a href=\"https:\/\/ggs-marktschule.de\/wp-content\/uploads\/2024\/06\/Flyer-T-Shirt-2024_240612_110633-1.pdf\" target=\"_blank\" rel=\"noreferrer noopener\">Flyer des F\u00f6rdervereins: T-Shirts und Hoodies<\/a><a href=\"https:\/\/ggs-marktschule.de\/wp-content\/uploads\/2024\/06\/Flyer-T-Shirt-2024_240612_110633-1.pdf\" class=\"wp-block-file__button wp-element-button\" download>Herunterladen<\/a><\/div>\n\n\n\n<p><figure class=\"wp-block-image\"><img decoding=\"async\" src=\"https:\/\/ggs-marktschule.de\/wp-content\/uploads\/2019\/10\/foerdepaenzmotto.png\" width=\"350px\" style=\"float:left;\" alt=\"\" class=\"wp-image-268\"><\/figure>Wir freuen uns \u00fcber Unterst\u00fctzung jeglicher Art, zum Beispiel Mithilfe bei Festen, bei der Einschulung oder dem Martinszug.<\/p>\n<p>Bei R\u00fcckfragen k\u00f6nnen Sie gerne eine <strong> Mail an den Vorstand <\/strong>senden.<a href=\"mailto:foerderverein@marktschule-bonn.de?subject=F%C3%B6rderverein%20F%C3%B6r%20de%20P%C3%A4nz\"> Mail an den F\u00f6rderverein<\/a><\/p>\n<p>Wenn Sie<strong> Mitglied werden <\/strong>wollen, finden Sie die Beitrittserkl\u00e4rung in unserem<span style=\"background-color: #ffffff;\"><span style=\"font-size: 25px;\"><a href=\"https:\/\/ggs-marktschule.de\/wp-content\/uploads\/2019\/10\/Flyer_Foer_de_Paenz-1.pdf\"  download> Flyer<\/a><\/span><\/p>\n<p>Beim F\u00f6rderverein k\u00f6nnen Sie alles f\u00fcr Ihre Heimparty ausleihen:<a href=\"https:\/\/ggs-marktschule.de\/wp-content\/uploads\/2019\/10\/Verleihliste.pdf\"> Verleihliste<\/a><\/p>\n<p><strong>Spenden<\/strong> sind jederzeit willkommen! Als gemeinn\u00fctziger Verein sind wir berechtigt Spendenquittungen auszustellen.<\/p>\n<p>Bankverbindung:<\/p>\n<p>&#8222;F\u00f6r de P\u00e4nz e.V&#8220; F\u00f6rderverein der Marktschule<\/p>\n<p>Sparkasse K\u00f6ln Bonn<\/p>\n<p>IBAN    DE79 370 501 98 00 41 302 563<\/p>\n<p>BIC       COLSDE33<\/p>\n<\/p>\n\n\n\n<h2 class=\"wp-block-heading\">Zur Vorlage bei Ihrem Finanzamt bei Spenden bis 200 \u20ac<\/h2>\n\n\n\n<div class=\"wp-block-file\"><a href=\"https:\/\/ggs-marktschule.de\/wp-content\/uploads\/2020\/04\/VereinfachteZuwendungsbestaetigung.pdf\">Vorlage Finanzamt<\/a><a href=\"https:\/\/ggs-marktschule.de\/wp-content\/uploads\/2020\/04\/VereinfachteZuwendungsbestaetigung.pdf\" class=\"wp-block-file__button wp-element-button\" download>Herunterladen<\/a><\/div>\n\n\n\n<h2 class=\"wp-block-heading\">Aktuelle Projekte<\/h2>\n\n\n\n<h2 class=\"wp-block-heading\"><\/h2>\n\n\n\n<figure class=\"wp-block-gallery has-nested-images columns-default is-cropped wp-block-gallery-1 is-layout-flex wp-block-gallery-is-layout-flex\">\n<figure class=\"wp-block-image\"><img loading=\"lazy\" decoding=\"async\" width=\"400\" height=\"533\" data-id=\"4613\" src=\"https:\/\/ggs-marktschule.de\/wp-content\/uploads\/2025\/01\/20250120_105728-002-rotated.jpg\" alt=\"\" class=\"wp-image-4613\" srcset=\"https:\/\/ggs-marktschule.de\/wp-content\/uploads\/2025\/01\/20250120_105728-002-rotated.jpg 400w, https:\/\/ggs-marktschule.de\/wp-content\/uploads\/2025\/01\/20250120_105728-002-225x300.jpg 225w\" sizes=\"auto, (max-width: 400px) 100vw, 400px\" \/><\/figure>\n\n\n\n<figure class=\"wp-block-image\"><img loading=\"lazy\" decoding=\"async\" width=\"400\" height=\"585\" data-id=\"4614\" src=\"https:\/\/ggs-marktschule.de\/wp-content\/uploads\/2025\/01\/20250120_105622-002.jpg\" alt=\"\" class=\"wp-image-4614\" srcset=\"https:\/\/ggs-marktschule.de\/wp-content\/uploads\/2025\/01\/20250120_105622-002.jpg 400w, https:\/\/ggs-marktschule.de\/wp-content\/uploads\/2025\/01\/20250120_105622-002-205x300.jpg 205w\" sizes=\"auto, (max-width: 400px) 100vw, 400px\" \/><\/figure>\n<figcaption class=\"blocks-gallery-caption wp-element-caption\">Im Jahr 2024 hat der F\u00f6rderverein eine neue Beschallungsanlage f\u00fcr die Schule angeschafft.<\/figcaption><\/figure>\n\n\n\n<figure class=\"wp-block-gallery has-nested-images columns-default is-cropped wp-block-gallery-2 is-layout-flex wp-block-gallery-is-layout-flex\">\n<figure class=\"wp-block-image\"><img loading=\"lazy\" decoding=\"async\" width=\"208\" height=\"600\" data-id=\"4623\" src=\"https:\/\/ggs-marktschule.de\/wp-content\/uploads\/2025\/01\/IMG_4631-002.jpg\" alt=\"\" class=\"wp-image-4623\" srcset=\"https:\/\/ggs-marktschule.de\/wp-content\/uploads\/2025\/01\/IMG_4631-002.jpg 208w, https:\/\/ggs-marktschule.de\/wp-content\/uploads\/2025\/01\/IMG_4631-002-104x300.jpg 104w\" sizes=\"auto, (max-width: 208px) 100vw, 208px\" \/><\/figure>\n\n\n\n<figure class=\"wp-block-image\"><img loading=\"lazy\" decoding=\"async\" width=\"600\" height=\"294\" data-id=\"4624\" src=\"https:\/\/ggs-marktschule.de\/wp-content\/uploads\/2025\/01\/IMG_4632-002.jpg\" alt=\"\" class=\"wp-image-4624\" srcset=\"https:\/\/ggs-marktschule.de\/wp-content\/uploads\/2025\/01\/IMG_4632-002.jpg 600w, https:\/\/ggs-marktschule.de\/wp-content\/uploads\/2025\/01\/IMG_4632-002-300x147.jpg 300w\" sizes=\"auto, (max-width: 600px) 100vw, 600px\" \/><\/figure>\n\n\n\n<figure class=\"wp-block-image\"><img loading=\"lazy\" decoding=\"async\" width=\"600\" height=\"234\" data-id=\"4625\" src=\"https:\/\/ggs-marktschule.de\/wp-content\/uploads\/2025\/01\/IMG_4634-002.jpg\" alt=\"\" class=\"wp-image-4625\" srcset=\"https:\/\/ggs-marktschule.de\/wp-content\/uploads\/2025\/01\/IMG_4634-002.jpg 600w, https:\/\/ggs-marktschule.de\/wp-content\/uploads\/2025\/01\/IMG_4634-002-300x117.jpg 300w\" sizes=\"auto, (max-width: 600px) 100vw, 600px\" \/><\/figure>\n\n\n\n<figure class=\"wp-block-image\"><img loading=\"lazy\" decoding=\"async\" width=\"600\" height=\"294\" data-id=\"4626\" src=\"https:\/\/ggs-marktschule.de\/wp-content\/uploads\/2025\/01\/IMG_4633-002.jpg\" alt=\"\" class=\"wp-image-4626\" srcset=\"https:\/\/ggs-marktschule.de\/wp-content\/uploads\/2025\/01\/IMG_4633-002.jpg 600w, https:\/\/ggs-marktschule.de\/wp-content\/uploads\/2025\/01\/IMG_4633-002-300x147.jpg 300w\" sizes=\"auto, (max-width: 600px) 100vw, 600px\" \/><\/figure>\n<figcaption class=\"blocks-gallery-caption wp-element-caption\">Ebenso schuf unser F\u00f6rderverein neue Spielmaterialien f\u00fcr die Kinder an.<\/figcaption><\/figure>\n\n\n\n<p>\u00dcberlegungen zu einer Kletterwand (Boulderwand) auf Vorschlag von Elternseite und in enger Abstimmung mit der Schulleitung<\/p>\n\n\n\n<p>Erneuerung der Schulhof-Bemalung durch ehrenamtlich t\u00e4tige Eltern mit Unterst\u00fctzung von Unternehmen und Begleitung und Organisation durch den F\u00f6rderverein<\/p>\n\n\n\n<p>Einbau einer Lernk\u00fcche in der Marktschule mit Unterst\u00fctzung von Eltern, Unternehmen und des F\u00f6rdervereins<\/p>\n\n\n\n<p>Spielekisten f\u00fcr die Pausen: Der F\u00f6rderverein hat die Anschaffung von Kisten mit Spiel- und Sportger\u00e4ten f\u00fcr die Pausen mit 1.400 Euro finanziert. Jede der 16 Klassen an der Marktschule hat eine eigene Kiste erhalten<\/p>\n\n\n\n<p><strong>Beispielhafte Nennung f\u00fcr unterst\u00fctzte Projekte:<\/strong><\/p>\n\n\n\n<p>Schulfeste (Herbstfest, Tag der offenen T\u00fcr, Weihnachtsfest, Bewegungstag)<\/p>\n\n\n\n<p>J\u00e4hrlicher Martinszug durch P\u00fctzchen und Bechlinghoven<\/p>\n\n\n\n<p>Zusch\u00fcsse zu Klassenfahrten<\/p>\n\n\n\n<p>Projektwochen (gro\u00dfes Zirkusprojekt, Autoren-Lesung, 9. Sinfonie der Tiere)<\/p>\n\n\n\n<p>Bewirtung der Eltern und Kinder bei der Einschulung<\/p>\n\n\n\n<p>Umgestaltung des Schulhofes und Verbesserung der Spielm\u00f6glichkeiten (Kletterspinne, Aufbau und Bepflanzung der Hochbeete, Halb-Arena, Schulhof-Bemalung)<\/p>\n\n\n\n<p>Projekt Safety Energetics<\/p>\n\n\n\n<p>P\u00fctzchen inklusiv<\/p>\n\n\n\n<p>Flohm\u00e4rkte<\/p>\n\n\n\n<p>Bonner Fahrradschule f\u00fcr Kinder an der Marktschule<\/p>\n\n\n\n<p>Informationsabende (sexueller Missbrauch, Gesundheitsf\u00f6rderung durch Bewegung, Haus\u00adaufgaben in der Grundschule)<\/p>\n\n\n\n<p>Projekt Gesunde Marktschule<\/p>\n\n\n\n<p>Kinderfilmnachmittage und \u00dcbertragungen von Sportereignissen auf Gro\u00dfbildwand<\/p>\n\n\n\n<p>Mathewettbewerb<\/p>\n\n\n\n<p><strong>Anschaffung von Lehr- und Lernmittel<\/strong><\/p>\n\n\n\n<p>Materialkisten f\u00fcr Lehrer<\/p>\n\n\n\n<p>Drucker f\u00fcr jede Klasse<\/p>\n\n\n\n<p>Arbeitspl\u00e4tze f\u00fcr den Umgang mit dem PC und dem Internet<\/p>\n\n\n\n<p>Kopfh\u00f6rer<\/p>\n\n\n\n<p>Musikinstrumente<\/p>\n\n\n\n<p>moderne Beschallungsanlage<\/p>\n\n\n\n<p>B\u00fccher f\u00fcr die Klassen (z.B. \u201eDie Insel der 1000 Gefahren\u201c f\u00fcr die Klassen der 4. Schul\u00adjahre, \u201eFinken-Minis\u201c, \u201eSultan und Kotzbrocken\u201c)<\/p>\n\n\n\n<p>Spiel- und Sportger\u00e4te, (z.B. Schwimmg\u00fcrtel und Pull Buoy f\u00fcr den Schwimmunterricht, Gym\u00adnastikb\u00e4nder )<\/p>\n\n\n\n<p><\/p>\n\n\n\n<h2 class=\"wp-block-heading\"><strong>Entstehung des Vereins<\/strong><\/h2>\n\n\n\n<p>Von Beginn an gab es eine gro\u00dfe Beteiligung und viel Einsatz interessierter Eltern und Lehrer. Immer wieder wurden neue Ideen aufgegriffen und mit engagierten Mitstreitern neue Aufgaben skizziert. Daraus wurde am 18. Januar 1994 der Verein der Freunde und F\u00f6rderer der Marktschule gegr\u00fcndet \u2013 F\u00f6r de P\u00e4nz e.V.<\/p>\n\n\n\n<p>Drei Jahre lang war der Verein Tr\u00e4ger der \u00dcbermittagsbetreuung an der Marktschule und bildete so die Basis f\u00fcr die &#8222;Maulw\u00fcrfe e.V.&#8220;, die dieses Projekt weiter f\u00fchrten. Heute wird diese Aufgabe durch die OGS wahrgenommen.<\/p>\n\n\n\n<div class=\"wp-block-file\"><a id=\"wp-block-file--media-53b35368-f4db-4a1f-bc2d-93e3fbb0a0ad\" href=\"https:\/\/ggs-marktschule.de\/wp-content\/uploads\/2026\/04\/2604_satzung_foerderverein.pdf\" target=\"_blank\" rel=\"noreferrer noopener\">Satzung des F\u00f6rdervereins: F\u00f6r de P\u00e4nz e. V. (Stand: Februar 2021)<\/a><a href=\"https:\/\/ggs-marktschule.de\/wp-content\/uploads\/2026\/04\/2604_satzung_foerderverein.pdf\" class=\"wp-block-file__button wp-element-button\" download aria-describedby=\"wp-block-file--media-53b35368-f4db-4a1f-bc2d-93e3fbb0a0ad\">Herunterladen<\/a><\/div>\n","protected":false},"excerpt":{"rendered":"<p>&#8222;F\u00f6r de P\u00e4nz e.V&#8220; der F\u00f6rderverein der Marktschule Herzlich Willkommen auf unserer Homepage! Wir freuen uns \u00fcber Unterst\u00fctzung jeglicher Art, &hellip; <\/p>\n","protected":false},"author":1,"featured_media":0,"parent":0,"menu_order":0,"comment_status":"closed","ping_status":"closed","template":"","meta":{"_custom_body_class":"","_custom_post_class":"","footnotes":"","_links_to":"","_links_to_target":""},"class_list":["post-18","page","type-page","status-publish","hentry"],"publishpress_future_action":{"enabled":false,"date":"2026-05-07 14:54:58","action":"change-status","newStatus":"draft","terms":[],"taxonomy":"","extraData":[]},"publishpress_future_workflow_manual_trigger":{"enabledWorkflows":[]},"_links":{"self":[{"href":"https:\/\/ggs-marktschule.de\/index.php\/wp-json\/wp\/v2\/pages\/18","targetHints":{"allow":["GET"]}}],"collection":[{"href":"https:\/\/ggs-marktschule.de\/index.php\/wp-json\/wp\/v2\/pages"}],"about":[{"href":"https:\/\/ggs-marktschule.de\/index.php\/wp-json\/wp\/v2\/types\/page"}],"author":[{"embeddable":true,"href":"https:\/\/ggs-marktschule.de\/index.php\/wp-json\/wp\/v2\/users\/1"}],"replies":[{"embeddable":true,"href":"https:\/\/ggs-marktschule.de\/index.php\/wp-json\/wp\/v2\/comments?post=18"}],"version-history":[{"count":74,"href":"https:\/\/ggs-marktschule.de\/index.php\/wp-json\/wp\/v2\/pages\/18\/revisions"}],"predecessor-version":[{"id":4868,"href":"https:\/\/ggs-marktschule.de\/index.php\/wp-json\/wp\/v2\/pages\/18\/revisions\/4868"}],"wp:attachment":[{"href":"https:\/\/ggs-marktschule.de\/index.php\/wp-json\/wp\/v2\/media?parent=18"}],"curies":[{"name":"wp","href":"https:\/\/api.w.org\/{rel}","templated":true}]}}