{"id":1840,"date":"2019-10-12T17:40:59","date_gmt":"2019-10-12T15:40:59","guid":{"rendered":"http:\/\/wp.ggs-marktschule.de\/?page_id=1840"},"modified":"2019-10-14T09:32:28","modified_gmt":"2019-10-14T07:32:28","slug":"leistungskonzept-mathematik","status":"publish","type":"page","link":"https:\/\/ggs-marktschule.de\/index.php\/leistungskonzept-mathematik\/","title":{"rendered":"Leistungskonzept Mathematik"},"content":{"rendered":"\n<h2 class=\"wp-block-heading\">Leistungskonzept Mathematik<\/h2>\n\n\n\n<p>Die Grundlage f\u00fcr die Leistungsbewertung in allen Klassenstufen stellen die Richtlinien sowie der Lehrplan Mathematik dar. Demnach sind wir einem p\u00e4dagogischen Leistungsverst\u00e4ndnis verpflichtet, das Leistungsanforderungen mit individueller F\u00f6rderung verbindet.<\/p>\n\n\n\n<h3 class=\"wp-block-heading\">1. Grundlagen der Leistungsbewertung<\/h3>\n\n\n\n<p>Grunds\u00e4tzlich orientieren wir uns bei der Leistungsbewertung an den Verbindlichen Anforderungen des Lehrplans Mathematik und am erteilten Unterricht. Die Leistungsanforderungen beinhalten sowohl inhaltsbezogene mathematische Kompetenzen als auch allgemeine, prozessbezogene Kompetenzen (Probleml\u00f6sen, Kommunizieren, Argumentieren, Modellieren, Darstellen, Kreativ-Sein). Dabei flie\u00dfen alle in Zusammenhang mit dem Unterricht erbrachten Leistungen ein (schriftliche Arbeiten sowie m\u00fcndliche und praktische Beitr\u00e4ge). Auch die individuelle Lernentwicklung der einzelnen Kinder wird ber\u00fccksichtigt (Anstrengungen, Lernfortschritte).<\/p>\n\n\n\n<h3 class=\"wp-block-heading\">2. Arbeitspl\u00e4ne<\/h3>\n\n\n\n<p>(siehe Anlage)<\/p>\n\n\n\n<h3 class=\"wp-block-heading\">3. Zeitliche Festlegung<\/h3>\n\n\n\n<p>Die zeitliche Festlegung der Unterrichtseinheiten wird von der jeweiligen Lehrkraft vorgenommen. Eine Abstimmung erfolgt in den regelm\u00e4\u00dfig stattfindenden Stufenkonferenzen. Bei Lehrerwechsel sind Absprachen \u00fcber die vermittelten inhaltsbezogenen und prozessbezogenen Kompetenzen zu treffen.<\/p>\n\n\n\n<h3 class=\"wp-block-heading\">4. Unterrichtswerke<\/h3>\n\n\n\n<p>Die GGS Marktschule arbeitet mit dem Mathematikbuch \u201eDenken und Rechnen\u201c aus dem Westermann-Verlag in allen vier Jahrg\u00e4ngen. Zum Mathematikbuch gibt es Arbeitshefte sowie Forder- und F\u00f6rderhefte, die zur Differenzierung eingesetzt werden. In offenen Unterrichtsangeboten trainieren die Kinder ihre Rechenfertigkeiten in verschiedenen zus\u00e4tzlichen \u00dcbungsheften, wie z.B. \u201eRechen-Joggings\u201c, \u201eDuden-Trainigsheft\u201c, \u201eMathestars\u201c.<\/p>\n\n\n\n<h3 class=\"wp-block-heading\">5. Unterrichtsmaterialien<\/h3>\n\n\n\n<p><strong>Stufe 1:&nbsp;&nbsp;&nbsp;&nbsp;&nbsp;&nbsp;&nbsp;&nbsp;&nbsp;&nbsp;&nbsp;&nbsp;&nbsp;&nbsp;&nbsp;&nbsp;&nbsp;&nbsp;&nbsp;&nbsp;&nbsp;&nbsp;&nbsp;&nbsp;&nbsp;&nbsp;&nbsp;&nbsp;&nbsp;&nbsp;&nbsp;&nbsp;&nbsp;&nbsp;&nbsp;&nbsp;&nbsp;&nbsp;&nbsp;&nbsp;&nbsp;&nbsp;&nbsp;&nbsp;&nbsp;&nbsp;&nbsp;&nbsp;&nbsp;&nbsp;&nbsp;&nbsp;&nbsp;&nbsp;&nbsp;&nbsp;&nbsp;&nbsp;&nbsp; Stufe 2 :<\/strong><\/p>\n\n\n\n<p>&#8211; Rechenschieber&nbsp;&nbsp;&nbsp;&nbsp;&nbsp;&nbsp;&nbsp;&nbsp;&nbsp;&nbsp;&nbsp;&nbsp;&nbsp;&nbsp;&nbsp;&nbsp;&nbsp;&nbsp;&nbsp;&nbsp;&nbsp;&nbsp;&nbsp;&nbsp;&nbsp;&nbsp;&nbsp;&nbsp;&nbsp;&nbsp;&nbsp;&nbsp;&nbsp; &#8211; Hunderter-Feld, Hunderterleiste<\/p>\n\n\n\n<p>&#8211; Rechenschiffchen&nbsp;&nbsp;&nbsp;&nbsp;&nbsp;&nbsp;&nbsp;&nbsp;&nbsp;&nbsp;&nbsp;&nbsp;&nbsp;&nbsp;&nbsp;&nbsp;&nbsp;&nbsp;&nbsp;&nbsp;&nbsp;&nbsp;&nbsp;&nbsp;&nbsp;&nbsp;&nbsp;&nbsp;&nbsp; &#8211; Rechenschieber<\/p>\n\n\n\n<p>&#8211; Wendepl\u00e4ttchen&nbsp;&nbsp;&nbsp;&nbsp;&nbsp;&nbsp;&nbsp;&nbsp;&nbsp;&nbsp;&nbsp;&nbsp;&nbsp;&nbsp;&nbsp;&nbsp;&nbsp;&nbsp;&nbsp;&nbsp;&nbsp;&nbsp;&nbsp;&nbsp;&nbsp;&nbsp;&nbsp;&nbsp;&nbsp;&nbsp;&nbsp; &#8211; Holz-Hundertertafeln<\/p>\n\n\n\n<p>&#8211; 20-er Feld<\/p>\n\n\n\n<p>&#8211; Sch\u00fcttelboxen<\/p>\n\n\n\n<p>&#8211; Steckw\u00fcrfel<\/p>\n\n\n\n<p>&#8211; Lineal<\/p>\n\n\n\n<p>&#8211; Geobrett<\/p>\n\n\n\n<p><strong>Stufe 3:&nbsp;&nbsp;&nbsp;&nbsp;&nbsp;&nbsp;&nbsp;&nbsp;&nbsp;&nbsp;&nbsp;&nbsp;&nbsp;&nbsp;&nbsp;&nbsp;&nbsp;&nbsp;&nbsp;&nbsp;&nbsp;&nbsp;&nbsp;&nbsp;&nbsp;&nbsp;&nbsp;&nbsp;&nbsp;&nbsp;&nbsp;&nbsp;&nbsp;&nbsp;&nbsp;&nbsp;&nbsp;&nbsp;&nbsp;&nbsp;&nbsp;&nbsp;&nbsp;&nbsp;&nbsp;&nbsp;&nbsp;&nbsp;&nbsp;&nbsp;&nbsp;&nbsp;&nbsp;&nbsp;&nbsp;&nbsp;&nbsp;&nbsp;&nbsp; Stufe 4<\/strong><\/p>\n\n\n\n<p>&#8211; Tausendertafel&nbsp;&nbsp;&nbsp;&nbsp;&nbsp;&nbsp;&nbsp;&nbsp;&nbsp;&nbsp;&nbsp;&nbsp;&nbsp;&nbsp;&nbsp;&nbsp;&nbsp;&nbsp;&nbsp;&nbsp;&nbsp;&nbsp;&nbsp;&nbsp;&nbsp;&nbsp;&nbsp;&nbsp;&nbsp;&nbsp;&nbsp;&nbsp;&nbsp;&nbsp;&nbsp;&#8211; Millionbuch<\/p>\n\n\n\n<p>&#8211; Mehrsystembl\u00f6cke&nbsp;&nbsp;&nbsp;&nbsp;&nbsp;&nbsp;&nbsp;&nbsp;&nbsp;&nbsp;&nbsp;&nbsp;&nbsp;&nbsp;&nbsp;&nbsp;&nbsp;&nbsp;&nbsp;&nbsp;&nbsp;&nbsp;&nbsp;&nbsp;&nbsp;&nbsp;&nbsp;&#8211; Mehrsystembl\u00f6cke<\/p>\n\n\n\n<p>&#8211; Tausenderbuch&nbsp;&nbsp;&nbsp;&nbsp;&nbsp;&nbsp;&nbsp;&nbsp;&nbsp;&nbsp;&nbsp;&nbsp;&nbsp;&nbsp;&nbsp;&nbsp;&nbsp;&nbsp;&nbsp;&nbsp;&nbsp;&nbsp;&nbsp;&nbsp;&nbsp;&nbsp;&nbsp;&nbsp;&nbsp;&nbsp;&nbsp;&nbsp;&nbsp; &#8211; Taschenrechner<\/p>\n\n\n\n<p>&#8211; K\u00f6rpermodelle&nbsp;&nbsp;&nbsp;&nbsp;&nbsp;&nbsp;&nbsp;&nbsp;&nbsp;&nbsp;&nbsp;&nbsp;&nbsp;&nbsp;&nbsp;&nbsp;&nbsp;&nbsp;&nbsp;&nbsp;&nbsp;&nbsp;&nbsp;&nbsp;&nbsp;&nbsp;&nbsp;&nbsp;&nbsp;&nbsp;&nbsp;&nbsp;&nbsp; &#8211; Zirkel<\/p>\n\n\n\n<p>&#8211; Waagen&nbsp;&nbsp;&nbsp;&nbsp;&nbsp;&nbsp;&nbsp;&nbsp;&nbsp;&nbsp;&nbsp;&nbsp;&nbsp;&nbsp;&nbsp;&nbsp;&nbsp;&nbsp;&nbsp;&nbsp;&nbsp;&nbsp;&nbsp;&nbsp;&nbsp;&nbsp;&nbsp;&nbsp;&nbsp;&nbsp;&nbsp;&nbsp;&nbsp;&nbsp;&nbsp;&nbsp;&nbsp;&nbsp;&nbsp;&nbsp;&nbsp;&nbsp; &nbsp;&nbsp;&nbsp;&nbsp;&nbsp;&#8211; Geodreieck<\/p>\n\n\n\n<h3 class=\"wp-block-heading\">6. Fachbezogener Anteil am Medienkonzept der GGS Marktschule<\/h3>\n\n\n\n<p>Die Kinder haben die M\u00f6glichkeit an den PC\u00b4s in den Klassen an der \u201eLernwerkstatt\u201c sowie im&nbsp; \u201eMathepirat\u201c ihre Fertigkeiten zu \u00fcben.<\/p>\n\n\n\n<h3 class=\"wp-block-heading\">7. Absprache zur Fachsprache und fachbezogenen Hilfsmitteln<\/h3>\n\n\n\n<p><strong>Klasse 1:&nbsp;<\/strong>Einer, Zehner, plus, minus, gleich, gr\u00f6\u00dfer als, kleiner als, Vorg\u00e4nger, Nachfolger<\/p>\n\n\n\n<p>Tauschaufgabe, Nachbaraufgabe, Umkehraufgabe,<\/p>\n\n\n\n<p>Dreieck, Viereck, Kreis, Rechteck, Quadrat<\/p>\n\n\n\n<p>Geld und Uhrzeiten<\/p>\n\n\n\n<p><strong>Klasse 2:&nbsp;<\/strong>mal, geteilt,<\/p>\n\n\n\n<p>Zehner, Einer, Nachbarzehner, Hunderter,<\/p>\n\n\n\n<p>Strecke<\/p>\n\n\n\n<p>L\u00e4ngen<\/p>\n\n\n\n<p><strong>Klasse 3:&nbsp;<\/strong>Addition, Subtraktion, Multiplikation, Division, Teiler, Vielfache,<\/p>\n\n\n\n<p>K\u00f6rpernetze, Ecke, Kante, Fl\u00e4che, W\u00fcrfel, Kugel,<\/p>\n\n\n\n<p>Quader, Prisma, Quadratzahl, Spiegelachse,<\/p>\n\n\n\n<p>Symmetrieachse, Hunderter, Nachbarhunderter,<\/p>\n\n\n\n<p>Strahl, Tabelle<\/p>\n\n\n\n<p>Gewichte und Hohlma\u00dfe<\/p>\n\n\n\n<p><strong>Klasse 4:&nbsp;<\/strong>Summe, Summanden,<\/p>\n\n\n\n<p>Differenz, Minuend, Subtrahend,<\/p>\n\n\n\n<p>Produkt, Faktor,<\/p>\n\n\n\n<p>Quotient, Divisor, Dividend,<\/p>\n\n\n\n<p>Parallel, rechter Winkel, Radius, Durchmesser, Parallelogramm, Trapez<\/p>\n\n\n\n<p>S\u00e4ulendiagramm, Kreisdiagramm, Balkendiagramm, Tabelle,<\/p>\n\n\n\n<p>Tausend, Zehntausend, Hunderttausend, Million,<\/p>\n\n\n\n<p>Nachbartausender, Nachbarzehntausender, Nachbarhunderttausender<\/p>\n\n\n\n<h3 class=\"wp-block-heading\">8. Lernzielkontrollen<\/h3>\n\n\n\n<p>In der Eingangsstufe werden thematisch gebundene Lernzielkontrollen je nach Leistungs- und Lernstand der Sch\u00fcler geschrieben, ohne Noten. Im zweiten Halbjahr der Klasse 2 werden einzelne Arbeiten der Kinder benotet, um sie an die Notengebung in den Zeugnissen heranzuf\u00fchren.<\/p>\n\n\n\n<p>In den Klassenstufen 3 und 4 werden je 6 \u2013 8 benotete Arbeiten im Schuljahr geschrieben, von denen jeweils drei der Schulleiterin zur Einsichtnahme vorgelegt werden.<\/p>\n\n\n\n<h3 class=\"wp-block-heading\">9. Sch\u00fclerselbstbeobachtung und Selbsteinsch\u00e4tzung<\/h3>\n\n\n\n<p>W\u00e4hrend des Unterrichts finden regelm\u00e4\u00dfig Formen der Selbsteinsch\u00e4tzung und Selbstbeobachtung statt, die kontinuierlich von Klasse 1 bis Klasse 4 angebahnt werden. Dabei werden verschiedene Modelle erprobt, wie zum Beispiel<\/p>\n\n\n\n<p>&#8211;&nbsp;&nbsp;&nbsp;&nbsp;&nbsp;&nbsp;&nbsp; Smiley &#8211; System<\/p>\n\n\n\n<p>&#8211;&nbsp;&nbsp;&nbsp;&nbsp;&nbsp;&nbsp;&nbsp; m\u00fcndliche Reflektion&nbsp;&nbsp;&nbsp;<\/p>\n\n\n\n<p>&#8211;&nbsp;&nbsp;&nbsp;&nbsp;&nbsp;&nbsp;&nbsp; Selbsteinsch\u00e4tzungsb\u00f6gen<\/p>\n\n\n\n<p>&#8211;&nbsp;&nbsp;&nbsp;&nbsp;&nbsp;&nbsp;&nbsp; Selbsteinsch\u00e4tzungsranking<\/p>\n\n\n\n<p>&#8211;&nbsp;&nbsp;&nbsp;&nbsp;&nbsp;&nbsp;&nbsp; differenzierte Lernzielkontrollen (zweispaltig)<\/p>\n\n\n\n<h3 class=\"wp-block-heading\">10. Zusammensetzung der Zeugnisnote<\/h3>\n\n\n\n<p>Die schriftlichen Arbeiten z\u00e4hlen 40% der Gesamtnote.<\/p>\n\n\n\n<p>Die fachspezifischen Arbeitsformen z\u00e4hlen 60% der Gesamtnote.<\/p>\n\n\n\n<p>Unter fachspezifischen Arbeitsformen ist zusammengefasst:<\/p>\n\n\n\n<ul class=\"wp-block-list\"><li>m\u00fcndliche Mitarbeit<\/li><li>Ergebnisse von Partner- und Gruppenarbeiten<\/li><li>Ergebnisse von Werkst\u00e4tten<\/li><li>die schriftliche Arbeit w\u00e4hrend des Unterrichts<\/li><li>der produktive Umgang mit Fehlern<\/li><li>Verst\u00e4ndnis von mathematischen Begriffen und Operationen<\/li><li>Schnelligkeit im Abrufen von Kenntnissen<\/li><li>Sicherheit im Ausf\u00fchren von Fertigkeiten<\/li><li>Einbringen kreativer Ideen<\/li><li>Schl\u00fcssigkeit der L\u00f6sungswege und \u00dcberlegungen<\/li><li>zielgerichtete und kontinuierliche Auseinandersetzung mit mathematischen Fragestellungen<\/li><li>F\u00e4higkeit zur Kooperation bei der L\u00f6sung mathematischer Aufgaben<\/li><li>F\u00e4higkeit zur Nutzung und \u00dcbertragung vorhandenen Wissens und K\u00f6nnens<\/li><li>F\u00e4higkeit zum Anwenden von Mathematik in lebensweltlichen Aufgabenstellungen<\/li><\/ul>\n\n\n\n<h3 class=\"wp-block-heading\">11. R\u00fcckmeldung an die Sch\u00fcler\/innen und Eltern<\/h3>\n\n\n\n<p>Die Sch\u00fclerinnen und Sch\u00fcler erhalten individuelle R\u00fcckmeldungen \u00fcber ihre Lernentwicklung und den erreichten Kompetenzstand in vielen Phasen des Unterrichts.<\/p>\n\n\n\n<p>Die Eltern erhalten R\u00fcckmeldungen \u00fcber die Lernentwicklung ihres Kindes<\/p>\n\n\n\n<ul class=\"wp-block-list\"><li>in der Schuleingangsstufe an den Elternsprechtagen im Herbst und im Fr\u00fchjahr, in besonderen F\u00e4llen auch zwischendurch<\/li><li>in der Klasse 3 am Elternsprechtag im Herbst, im Halbjahreszeugnis mit Lernentwicklungsbericht und eventuell mit einer Lern- und F\u00f6rderempfehlung, am&nbsp; Elternsprechtag im Fr\u00fchjahr und zur Zeugnisausgabe am Schuljahresende<\/li><li>in der Klasse 4 bei den Beratungsgespr\u00e4chen im November, am Elternsprechtag im Fr\u00fchjahr<\/li><\/ul>\n\n\n\n<p>Wichtig ist, dass wir die Kriterien und Ma\u00dfst\u00e4be der Leistungsbewertung den Kindern (im Unterricht) und Eltern (an Elternabenden) vorab transparent machen. F\u00fcr die Kinder geschieht dies in altersangemessener Form (z.B. anhand von Beispielen).<\/p>\n\n\n\n<h3 class=\"wp-block-heading\">12. Fachspezifisches Konzept zur Unterst\u00fctzung von Sch\u00fclern beim \u00dcbergang<\/h3>\n\n\n\n<p>in andere Bildungsg\u00e4nge<\/p>\n\n\n\n<p>Im Rahmen der Beratungsgespr\u00e4che im 4. Schuljahr zum \u00dcbergang auf die weiterf\u00fchrenden Schulen wird auch eine erste Trendaussage getroffen. Nach Bedarf wird diese Phase mit weiteren Beratungsgespr\u00e4chen begleitet. Zum Ende des 1. Halbjahres wird dann eine endg\u00fcltige Empfehlung ausgesprochen, basierend auf der Entscheidung der Zeugniskonferenz.<\/p>\n\n\n\n<p>Um den Sch\u00fclern die Entscheidung und den \u00dcbergang zu erleichtern bieten die weiterf\u00fchrenden Schulen nach der Trendaussage Schnuppertage an, an denen die Sch\u00fcler ihre m\u00f6gliche neue Schule und evtl. ihre zuk\u00fcnftigen Lehrer kennen lernen k\u00f6nnen.<\/p>\n\n\n\n<h3 class=\"wp-block-heading\">13. Differenzierungsma\u00dfnahmen<\/h3>\n\n\n\n<p>Differenzierungsma\u00dfnahmen sind durch unser Unterrichtskonzept implementiert (Freiarbeit, Werkstattarbeit, Planarbeit, individualisiertes Arbeiten). Dar\u00fcber bieten die Forder- und F\u00f6rderhefte zum Lehrgangswerk \u201eDenken und Rechnen\u201c ein differenziertes Arbeiten.<\/p>\n\n\n\n<h3 class=\"wp-block-heading\">14. Wettbewerbe<\/h3>\n\n\n\n<p>Die GGS Marktschule nimmt einmal am Jahr mit den Kindern der Klasse 4 am \u201eMathematikwett-bewerb\u201c teil.<\/p>\n\n\n\n<h3 class=\"wp-block-heading\">15. Abstimmung mit den Kinderg\u00e4rten<\/h3>\n\n\n\n<p>Einmal im Jahr findet ein Treffen zwischen den Kinderg\u00e4rten und den Erstklasslehrer\/Innen, Sonderp\u00e4dagogen und Sozialp\u00e4dagogen statt, bei dem \u00fcber den Lern- und Entwicklungsstand der Kinder gesprochen wird. Zudem werden den Erzieher\/Innen Ideen und Inhalte f\u00fcr die vorschulische Arbeit im Kindergarten mitgegeben.<\/p>\n\n\n\n<h3 class=\"wp-block-heading\">16. Abstimmung der schuleigenen Arbeitspl\u00e4ne mit der nachfolgenden Schulform<\/h3>\n\n\n\n<p>Einmal im Jahr nehmen die Klassenlehrer der abgegebenen 4.Klassen an den Erprobungsstufenkonferenzen der weiterf\u00fchrenden Schulen teil und sprechen \u00fcber den Lern- und Entwicklungsstand der Kinder.<\/p>\n\n\n\n<h3 class=\"wp-block-heading\">17. Fachkonferenzen<\/h3>\n\n\n\n<p>Die Fachkonferenz tagt einmal im Schuljahr. Die Beschl\u00fcsse sind in den Plan eingearbeitet.<\/p>\n","protected":false},"excerpt":{"rendered":"<p>Leistungskonzept Mathematik Die Grundlage f\u00fcr die Leistungsbewertung in allen Klassenstufen stellen die Richtlinien sowie der Lehrplan Mathematik dar. Demnach sind &hellip; <\/p>\n","protected":false},"author":1,"featured_media":0,"parent":0,"menu_order":0,"comment_status":"closed","ping_status":"closed","template":"","meta":{"_custom_body_class":"","_custom_post_class":"","footnotes":"","_links_to":"","_links_to_target":""},"class_list":["post-1840","page","type-page","status-publish","hentry"],"publishpress_future_action":{"enabled":false,"date":"2026-05-07 16:04:08","action":"change-status","newStatus":"draft","terms":[],"taxonomy":"","extraData":[]},"publishpress_future_workflow_manual_trigger":{"enabledWorkflows":[]},"_links":{"self":[{"href":"https:\/\/ggs-marktschule.de\/index.php\/wp-json\/wp\/v2\/pages\/1840","targetHints":{"allow":["GET"]}}],"collection":[{"href":"https:\/\/ggs-marktschule.de\/index.php\/wp-json\/wp\/v2\/pages"}],"about":[{"href":"https:\/\/ggs-marktschule.de\/index.php\/wp-json\/wp\/v2\/types\/page"}],"author":[{"embeddable":true,"href":"https:\/\/ggs-marktschule.de\/index.php\/wp-json\/wp\/v2\/users\/1"}],"replies":[{"embeddable":true,"href":"https:\/\/ggs-marktschule.de\/index.php\/wp-json\/wp\/v2\/comments?post=1840"}],"version-history":[{"count":4,"href":"https:\/\/ggs-marktschule.de\/index.php\/wp-json\/wp\/v2\/pages\/1840\/revisions"}],"predecessor-version":[{"id":1861,"href":"https:\/\/ggs-marktschule.de\/index.php\/wp-json\/wp\/v2\/pages\/1840\/revisions\/1861"}],"wp:attachment":[{"href":"https:\/\/ggs-marktschule.de\/index.php\/wp-json\/wp\/v2\/media?parent=1840"}],"curies":[{"name":"wp","href":"https:\/\/api.w.org\/{rel}","templated":true}]}}