{"id":1875,"date":"2019-10-14T09:39:51","date_gmt":"2019-10-14T07:39:51","guid":{"rendered":"http:\/\/wp.ggs-marktschule.de\/?page_id=1875"},"modified":"2019-10-14T09:41:55","modified_gmt":"2019-10-14T07:41:55","slug":"schulkonferenz","status":"publish","type":"page","link":"https:\/\/ggs-marktschule.de\/index.php\/schulkonferenz\/","title":{"rendered":"Schulkonferenz"},"content":{"rendered":"\n<h2 class=\"wp-block-heading\">Schulkonferenz<\/h2>\n\n\n\n<p>Die&nbsp;<strong>Schulkonferenz<\/strong>&nbsp;ist das oberste Mitwirkungsgremium der Schule. Sie setzt sich aus den Vertreter\/innen der Eltern und der Lehrkr\u00e4fte zusammen. Die Elternvertreter\/innen werden von der Schulpflegschaft, die die Vertreter\/innen der Lehrer und Lehrerinnen von der Lehrerkonferenz gew\u00e4hlt. Die 12 Mitglieder werden parit\u00e4tisch mit Eltern und Lehrer\/innen besetzt.<\/p>\n\n\n\n<p>Die Schulkonferenz befasst sich mit grunds\u00e4tzlichen Aufgaben der Schule. Sie kann Vorschl\u00e4ge und Anregungen an den Schultr\u00e4ger und an die Schulaufsichtsbeh\u00f6rde richten. Die Aufgaben der Schulkonferenz umfassen u.a.:<\/p>\n\n\n\n<ul class=\"wp-block-list\"><li>Festlegung der beweglichen Feiertages<\/li><li>Entwicklung des Schulprogramms<\/li><li>Ma\u00dfnahmen der Qualit\u00e4tsentwicklung und Qualit\u00e4tssicherung<\/li><li>Einf\u00fchrung und Festlegung der Lehrmittel, die im Rahmen des Eigenanteils zu beschaffen sind<\/li><\/ul>\n","protected":false},"excerpt":{"rendered":"<p>Schulkonferenz Die&nbsp;Schulkonferenz&nbsp;ist das oberste Mitwirkungsgremium der Schule. Sie setzt sich aus den Vertreter\/innen der Eltern und der Lehrkr\u00e4fte zusammen. Die &hellip; <\/p>\n","protected":false},"author":1,"featured_media":0,"parent":0,"menu_order":0,"comment_status":"closed","ping_status":"closed","template":"","meta":{"_custom_body_class":"","_custom_post_class":"","footnotes":"","_links_to":"","_links_to_target":""},"class_list":["post-1875","page","type-page","status-publish","hentry"],"publishpress_future_action":{"enabled":false,"date":"2026-05-07 16:01:59","action":"change-status","newStatus":"draft","terms":[],"taxonomy":"","extraData":[]},"publishpress_future_workflow_manual_trigger":{"enabledWorkflows":[]},"_links":{"self":[{"href":"https:\/\/ggs-marktschule.de\/index.php\/wp-json\/wp\/v2\/pages\/1875","targetHints":{"allow":["GET"]}}],"collection":[{"href":"https:\/\/ggs-marktschule.de\/index.php\/wp-json\/wp\/v2\/pages"}],"about":[{"href":"https:\/\/ggs-marktschule.de\/index.php\/wp-json\/wp\/v2\/types\/page"}],"author":[{"embeddable":true,"href":"https:\/\/ggs-marktschule.de\/index.php\/wp-json\/wp\/v2\/users\/1"}],"replies":[{"embeddable":true,"href":"https:\/\/ggs-marktschule.de\/index.php\/wp-json\/wp\/v2\/comments?post=1875"}],"version-history":[{"count":3,"href":"https:\/\/ggs-marktschule.de\/index.php\/wp-json\/wp\/v2\/pages\/1875\/revisions"}],"predecessor-version":[{"id":1885,"href":"https:\/\/ggs-marktschule.de\/index.php\/wp-json\/wp\/v2\/pages\/1875\/revisions\/1885"}],"wp:attachment":[{"href":"https:\/\/ggs-marktschule.de\/index.php\/wp-json\/wp\/v2\/media?parent=1875"}],"curies":[{"name":"wp","href":"https:\/\/api.w.org\/{rel}","templated":true}]}}