{"id":3132,"date":"2021-03-08T12:09:40","date_gmt":"2021-03-08T11:09:40","guid":{"rendered":"http:\/\/wp.ggs-marktschule.de\/?page_id=3132"},"modified":"2021-03-08T12:11:11","modified_gmt":"2021-03-08T11:11:11","slug":"die-marktschule-innen-und-aussen","status":"publish","type":"page","link":"https:\/\/ggs-marktschule.de\/index.php\/die-marktschule-innen-und-aussen\/","title":{"rendered":"Die Marktschule: innen und au\u00dfen"},"content":{"rendered":"\n<p>Auf diesen Bildern k\u00f6nnen Sie sich die R\u00e4ume und das Au\u00dfengel\u00e4nde der Marktschule ansehen.<\/p>\n\n\n\n<figure class=\"wp-block-gallery columns-3 is-cropped wp-block-gallery-1 is-layout-flex wp-block-gallery-is-layout-flex\"><ul class=\"blocks-gallery-grid\"><li class=\"blocks-gallery-item\"><figure><img loading=\"lazy\" decoding=\"async\" width=\"1024\" height=\"682\" src=\"https:\/\/ggs-marktschule.de\/wp-content\/uploads\/2020\/09\/IMG_4523-1024x682.jpg\" alt=\"\" data-id=\"2803\" data-full-url=\"https:\/\/ggs-marktschule.de\/wp-content\/uploads\/2020\/09\/IMG_4523.jpg\" data-link=\"https:\/\/ggs-marktschule.de\/index.php\/startseite\/img_4523\/\" class=\"wp-image-2803\" srcset=\"https:\/\/ggs-marktschule.de\/wp-content\/uploads\/2020\/09\/IMG_4523-1024x682.jpg 1024w, https:\/\/ggs-marktschule.de\/wp-content\/uploads\/2020\/09\/IMG_4523-300x200.jpg 300w, https:\/\/ggs-marktschule.de\/wp-content\/uploads\/2020\/09\/IMG_4523-768x512.jpg 768w, https:\/\/ggs-marktschule.de\/wp-content\/uploads\/2020\/09\/IMG_4523-1536x1024.jpg 1536w, https:\/\/ggs-marktschule.de\/wp-content\/uploads\/2020\/09\/IMG_4523-2048x1365.jpg 2048w\" sizes=\"auto, (max-width: 1024px) 100vw, 1024px\" \/><figcaption class=\"blocks-gallery-item__caption\">Spieleraum<\/figcaption><\/figure><\/li><li class=\"blocks-gallery-item\"><figure><img loading=\"lazy\" decoding=\"async\" width=\"1024\" height=\"683\" src=\"https:\/\/ggs-marktschule.de\/wp-content\/uploads\/2020\/09\/IMG_4515-1024x683.jpg\" alt=\"\" data-id=\"2802\" data-full-url=\"https:\/\/ggs-marktschule.de\/wp-content\/uploads\/2020\/09\/IMG_4515.jpg\" data-link=\"https:\/\/ggs-marktschule.de\/index.php\/startseite\/img_4515\/\" class=\"wp-image-2802\" srcset=\"https:\/\/ggs-marktschule.de\/wp-content\/uploads\/2020\/09\/IMG_4515-1024x683.jpg 1024w, https:\/\/ggs-marktschule.de\/wp-content\/uploads\/2020\/09\/IMG_4515-300x200.jpg 300w, https:\/\/ggs-marktschule.de\/wp-content\/uploads\/2020\/09\/IMG_4515-768x512.jpg 768w, https:\/\/ggs-marktschule.de\/wp-content\/uploads\/2020\/09\/IMG_4515-1536x1024.jpg 1536w, https:\/\/ggs-marktschule.de\/wp-content\/uploads\/2020\/09\/IMG_4515-2048x1366.jpg 2048w\" sizes=\"auto, (max-width: 1024px) 100vw, 1024px\" \/><figcaption class=\"blocks-gallery-item__caption\">Atelier<\/figcaption><\/figure><\/li><li class=\"blocks-gallery-item\"><figure><img loading=\"lazy\" decoding=\"async\" width=\"1024\" height=\"683\" src=\"https:\/\/ggs-marktschule.de\/wp-content\/uploads\/2020\/09\/IMG_4505-1024x683.jpg\" alt=\"\" data-id=\"2801\" data-full-url=\"https:\/\/ggs-marktschule.de\/wp-content\/uploads\/2020\/09\/IMG_4505.jpg\" data-link=\"https:\/\/ggs-marktschule.de\/index.php\/startseite\/img_4505\/\" class=\"wp-image-2801\" srcset=\"https:\/\/ggs-marktschule.de\/wp-content\/uploads\/2020\/09\/IMG_4505-1024x683.jpg 1024w, https:\/\/ggs-marktschule.de\/wp-content\/uploads\/2020\/09\/IMG_4505-300x200.jpg 300w, https:\/\/ggs-marktschule.de\/wp-content\/uploads\/2020\/09\/IMG_4505-768x512.jpg 768w, https:\/\/ggs-marktschule.de\/wp-content\/uploads\/2020\/09\/IMG_4505-1536x1024.jpg 1536w, https:\/\/ggs-marktschule.de\/wp-content\/uploads\/2020\/09\/IMG_4505-2048x1366.jpg 2048w\" sizes=\"auto, (max-width: 1024px) 100vw, 1024px\" \/><figcaption class=\"blocks-gallery-item__caption\">Turnhalle<\/figcaption><\/figure><\/li><li class=\"blocks-gallery-item\"><figure><img loading=\"lazy\" decoding=\"async\" width=\"1024\" height=\"683\" src=\"https:\/\/ggs-marktschule.de\/wp-content\/uploads\/2020\/09\/IMG_4503-1024x683.jpg\" alt=\"\" data-id=\"2800\" data-full-url=\"https:\/\/ggs-marktschule.de\/wp-content\/uploads\/2020\/09\/IMG_4503.jpg\" data-link=\"https:\/\/ggs-marktschule.de\/index.php\/startseite\/img_4503\/\" class=\"wp-image-2800\" srcset=\"https:\/\/ggs-marktschule.de\/wp-content\/uploads\/2020\/09\/IMG_4503-1024x683.jpg 1024w, https:\/\/ggs-marktschule.de\/wp-content\/uploads\/2020\/09\/IMG_4503-300x200.jpg 300w, https:\/\/ggs-marktschule.de\/wp-content\/uploads\/2020\/09\/IMG_4503-768x512.jpg 768w, https:\/\/ggs-marktschule.de\/wp-content\/uploads\/2020\/09\/IMG_4503-1536x1024.jpg 1536w, https:\/\/ggs-marktschule.de\/wp-content\/uploads\/2020\/09\/IMG_4503-2048x1366.jpg 2048w\" sizes=\"auto, (max-width: 1024px) 100vw, 1024px\" \/><figcaption class=\"blocks-gallery-item__caption\">Musikraum<\/figcaption><\/figure><\/li><li class=\"blocks-gallery-item\"><figure><img loading=\"lazy\" decoding=\"async\" width=\"1024\" height=\"683\" src=\"https:\/\/ggs-marktschule.de\/wp-content\/uploads\/2020\/09\/IMG_4482-1024x683.jpg\" alt=\"\" data-id=\"2799\" data-full-url=\"https:\/\/ggs-marktschule.de\/wp-content\/uploads\/2020\/09\/IMG_4482.jpg\" data-link=\"https:\/\/ggs-marktschule.de\/index.php\/startseite\/img_4482\/\" class=\"wp-image-2799\" srcset=\"https:\/\/ggs-marktschule.de\/wp-content\/uploads\/2020\/09\/IMG_4482-1024x683.jpg 1024w, https:\/\/ggs-marktschule.de\/wp-content\/uploads\/2020\/09\/IMG_4482-300x200.jpg 300w, https:\/\/ggs-marktschule.de\/wp-content\/uploads\/2020\/09\/IMG_4482-768x512.jpg 768w, https:\/\/ggs-marktschule.de\/wp-content\/uploads\/2020\/09\/IMG_4482-1536x1024.jpg 1536w, https:\/\/ggs-marktschule.de\/wp-content\/uploads\/2020\/09\/IMG_4482-2048x1366.jpg 2048w\" sizes=\"auto, (max-width: 1024px) 100vw, 1024px\" \/><figcaption class=\"blocks-gallery-item__caption\">Klassen- und Grupppenraum<\/figcaption><\/figure><\/li><li class=\"blocks-gallery-item\"><figure><img loading=\"lazy\" decoding=\"async\" width=\"1024\" height=\"683\" src=\"https:\/\/ggs-marktschule.de\/wp-content\/uploads\/2020\/09\/IMG_4470-1024x683.jpg\" alt=\"\" data-id=\"2798\" data-full-url=\"https:\/\/ggs-marktschule.de\/wp-content\/uploads\/2020\/09\/IMG_4470.jpg\" data-link=\"https:\/\/ggs-marktschule.de\/index.php\/startseite\/img_4470\/\" class=\"wp-image-2798\" srcset=\"https:\/\/ggs-marktschule.de\/wp-content\/uploads\/2020\/09\/IMG_4470-1024x683.jpg 1024w, https:\/\/ggs-marktschule.de\/wp-content\/uploads\/2020\/09\/IMG_4470-300x200.jpg 300w, https:\/\/ggs-marktschule.de\/wp-content\/uploads\/2020\/09\/IMG_4470-768x512.jpg 768w, https:\/\/ggs-marktschule.de\/wp-content\/uploads\/2020\/09\/IMG_4470-1536x1024.jpg 1536w, https:\/\/ggs-marktschule.de\/wp-content\/uploads\/2020\/09\/IMG_4470-2048x1366.jpg 2048w\" sizes=\"auto, (max-width: 1024px) 100vw, 1024px\" \/><figcaption class=\"blocks-gallery-item__caption\">Schulb\u00fccherei<\/figcaption><\/figure><\/li><li class=\"blocks-gallery-item\"><figure><img loading=\"lazy\" decoding=\"async\" width=\"1024\" height=\"683\" src=\"https:\/\/ggs-marktschule.de\/wp-content\/uploads\/2020\/09\/IMG_4469-1024x683.jpg\" alt=\"\" data-id=\"2797\" data-full-url=\"https:\/\/ggs-marktschule.de\/wp-content\/uploads\/2020\/09\/IMG_4469.jpg\" data-link=\"https:\/\/ggs-marktschule.de\/index.php\/startseite\/img_4469\/\" class=\"wp-image-2797\" srcset=\"https:\/\/ggs-marktschule.de\/wp-content\/uploads\/2020\/09\/IMG_4469-1024x683.jpg 1024w, https:\/\/ggs-marktschule.de\/wp-content\/uploads\/2020\/09\/IMG_4469-300x200.jpg 300w, https:\/\/ggs-marktschule.de\/wp-content\/uploads\/2020\/09\/IMG_4469-768x512.jpg 768w, https:\/\/ggs-marktschule.de\/wp-content\/uploads\/2020\/09\/IMG_4469-1536x1024.jpg 1536w, https:\/\/ggs-marktschule.de\/wp-content\/uploads\/2020\/09\/IMG_4469-2048x1366.jpg 2048w\" sizes=\"auto, (max-width: 1024px) 100vw, 1024px\" \/><figcaption class=\"blocks-gallery-item__caption\">Schulb\u00fccherei<\/figcaption><\/figure><\/li><li class=\"blocks-gallery-item\"><figure><img loading=\"lazy\" decoding=\"async\" width=\"1024\" height=\"683\" src=\"https:\/\/ggs-marktschule.de\/wp-content\/uploads\/2020\/09\/IMG_4460-1024x683.jpg\" alt=\"\" data-id=\"2796\" data-full-url=\"https:\/\/ggs-marktschule.de\/wp-content\/uploads\/2020\/09\/IMG_4460.jpg\" data-link=\"https:\/\/ggs-marktschule.de\/index.php\/startseite\/img_4460\/\" class=\"wp-image-2796\" srcset=\"https:\/\/ggs-marktschule.de\/wp-content\/uploads\/2020\/09\/IMG_4460-1024x683.jpg 1024w, https:\/\/ggs-marktschule.de\/wp-content\/uploads\/2020\/09\/IMG_4460-300x200.jpg 300w, https:\/\/ggs-marktschule.de\/wp-content\/uploads\/2020\/09\/IMG_4460-768x512.jpg 768w, https:\/\/ggs-marktschule.de\/wp-content\/uploads\/2020\/09\/IMG_4460-1536x1024.jpg 1536w, https:\/\/ggs-marktschule.de\/wp-content\/uploads\/2020\/09\/IMG_4460-2048x1366.jpg 2048w\" sizes=\"auto, (max-width: 1024px) 100vw, 1024px\" \/><figcaption class=\"blocks-gallery-item__caption\">Schulb\u00fccherei<\/figcaption><\/figure><\/li><li class=\"blocks-gallery-item\"><figure><img loading=\"lazy\" decoding=\"async\" width=\"1024\" height=\"683\" src=\"https:\/\/ggs-marktschule.de\/wp-content\/uploads\/2020\/09\/IMG_4453-1024x683.jpg\" alt=\"\" data-id=\"2795\" data-full-url=\"https:\/\/ggs-marktschule.de\/wp-content\/uploads\/2020\/09\/IMG_4453.jpg\" data-link=\"https:\/\/ggs-marktschule.de\/index.php\/startseite\/img_4453\/\" class=\"wp-image-2795\" srcset=\"https:\/\/ggs-marktschule.de\/wp-content\/uploads\/2020\/09\/IMG_4453-1024x683.jpg 1024w, https:\/\/ggs-marktschule.de\/wp-content\/uploads\/2020\/09\/IMG_4453-300x200.jpg 300w, https:\/\/ggs-marktschule.de\/wp-content\/uploads\/2020\/09\/IMG_4453-768x512.jpg 768w, https:\/\/ggs-marktschule.de\/wp-content\/uploads\/2020\/09\/IMG_4453-1536x1024.jpg 1536w, https:\/\/ggs-marktschule.de\/wp-content\/uploads\/2020\/09\/IMG_4453-2048x1366.jpg 2048w\" sizes=\"auto, (max-width: 1024px) 100vw, 1024px\" \/><figcaption class=\"blocks-gallery-item__caption\">Motorikraum<\/figcaption><\/figure><\/li><li class=\"blocks-gallery-item\"><figure><img loading=\"lazy\" decoding=\"async\" width=\"1024\" height=\"683\" src=\"https:\/\/ggs-marktschule.de\/wp-content\/uploads\/2020\/09\/IMG_4443-1024x683.jpg\" alt=\"\" data-id=\"2793\" data-full-url=\"https:\/\/ggs-marktschule.de\/wp-content\/uploads\/2020\/09\/IMG_4443.jpg\" data-link=\"https:\/\/ggs-marktschule.de\/index.php\/startseite\/img_4443\/\" class=\"wp-image-2793\" srcset=\"https:\/\/ggs-marktschule.de\/wp-content\/uploads\/2020\/09\/IMG_4443-1024x683.jpg 1024w, https:\/\/ggs-marktschule.de\/wp-content\/uploads\/2020\/09\/IMG_4443-300x200.jpg 300w, https:\/\/ggs-marktschule.de\/wp-content\/uploads\/2020\/09\/IMG_4443-768x512.jpg 768w, https:\/\/ggs-marktschule.de\/wp-content\/uploads\/2020\/09\/IMG_4443-1536x1024.jpg 1536w, https:\/\/ggs-marktschule.de\/wp-content\/uploads\/2020\/09\/IMG_4443-2048x1366.jpg 2048w\" sizes=\"auto, (max-width: 1024px) 100vw, 1024px\" \/><figcaption class=\"blocks-gallery-item__caption\">Mensa<\/figcaption><\/figure><\/li><li class=\"blocks-gallery-item\"><figure><img loading=\"lazy\" decoding=\"async\" width=\"1024\" height=\"683\" src=\"https:\/\/ggs-marktschule.de\/wp-content\/uploads\/2020\/09\/IMG_4439-1024x683.jpg\" alt=\"\" data-id=\"2792\" data-full-url=\"https:\/\/ggs-marktschule.de\/wp-content\/uploads\/2020\/09\/IMG_4439.jpg\" data-link=\"https:\/\/ggs-marktschule.de\/index.php\/startseite\/img_4439\/\" class=\"wp-image-2792\" srcset=\"https:\/\/ggs-marktschule.de\/wp-content\/uploads\/2020\/09\/IMG_4439-1024x683.jpg 1024w, https:\/\/ggs-marktschule.de\/wp-content\/uploads\/2020\/09\/IMG_4439-300x200.jpg 300w, https:\/\/ggs-marktschule.de\/wp-content\/uploads\/2020\/09\/IMG_4439-768x512.jpg 768w, https:\/\/ggs-marktschule.de\/wp-content\/uploads\/2020\/09\/IMG_4439-1536x1024.jpg 1536w, https:\/\/ggs-marktschule.de\/wp-content\/uploads\/2020\/09\/IMG_4439-2048x1366.jpg 2048w\" sizes=\"auto, (max-width: 1024px) 100vw, 1024px\" \/><figcaption class=\"blocks-gallery-item__caption\">Essensausgabe<\/figcaption><\/figure><\/li><li class=\"blocks-gallery-item\"><figure><img loading=\"lazy\" decoding=\"async\" width=\"1024\" height=\"698\" src=\"https:\/\/ggs-marktschule.de\/wp-content\/uploads\/2020\/09\/IMG_4422-1024x698.jpg\" alt=\"\" data-id=\"2791\" data-full-url=\"https:\/\/ggs-marktschule.de\/wp-content\/uploads\/2020\/09\/IMG_4422.jpg\" data-link=\"https:\/\/ggs-marktschule.de\/index.php\/startseite\/img_4422\/\" class=\"wp-image-2791\" srcset=\"https:\/\/ggs-marktschule.de\/wp-content\/uploads\/2020\/09\/IMG_4422-1024x698.jpg 1024w, https:\/\/ggs-marktschule.de\/wp-content\/uploads\/2020\/09\/IMG_4422-300x204.jpg 300w, https:\/\/ggs-marktschule.de\/wp-content\/uploads\/2020\/09\/IMG_4422-768x523.jpg 768w, https:\/\/ggs-marktschule.de\/wp-content\/uploads\/2020\/09\/IMG_4422-1536x1046.jpg 1536w, https:\/\/ggs-marktschule.de\/wp-content\/uploads\/2020\/09\/IMG_4422-2048x1395.jpg 2048w\" sizes=\"auto, (max-width: 1024px) 100vw, 1024px\" \/><figcaption class=\"blocks-gallery-item__caption\">Bauraum<\/figcaption><\/figure><\/li><li class=\"blocks-gallery-item\"><figure><img loading=\"lazy\" decoding=\"async\" width=\"1024\" height=\"683\" src=\"https:\/\/ggs-marktschule.de\/wp-content\/uploads\/2020\/09\/IMG_4418-1024x683.jpg\" alt=\"\" data-id=\"2790\" data-full-url=\"https:\/\/ggs-marktschule.de\/wp-content\/uploads\/2020\/09\/IMG_4418.jpg\" data-link=\"https:\/\/ggs-marktschule.de\/index.php\/startseite\/img_4418\/\" class=\"wp-image-2790\" srcset=\"https:\/\/ggs-marktschule.de\/wp-content\/uploads\/2020\/09\/IMG_4418-1024x683.jpg 1024w, https:\/\/ggs-marktschule.de\/wp-content\/uploads\/2020\/09\/IMG_4418-300x200.jpg 300w, https:\/\/ggs-marktschule.de\/wp-content\/uploads\/2020\/09\/IMG_4418-768x512.jpg 768w, https:\/\/ggs-marktschule.de\/wp-content\/uploads\/2020\/09\/IMG_4418-1536x1024.jpg 1536w, https:\/\/ggs-marktschule.de\/wp-content\/uploads\/2020\/09\/IMG_4418-2048x1366.jpg 2048w\" sizes=\"auto, (max-width: 1024px) 100vw, 1024px\" \/><figcaption class=\"blocks-gallery-item__caption\">Bauraum<\/figcaption><\/figure><\/li><li class=\"blocks-gallery-item\"><figure><img loading=\"lazy\" decoding=\"async\" width=\"1024\" height=\"683\" src=\"https:\/\/ggs-marktschule.de\/wp-content\/uploads\/2020\/09\/IMG_4416-1024x683.jpg\" alt=\"\" data-id=\"2789\" data-full-url=\"https:\/\/ggs-marktschule.de\/wp-content\/uploads\/2020\/09\/IMG_4416.jpg\" data-link=\"https:\/\/ggs-marktschule.de\/index.php\/startseite\/img_4416\/\" class=\"wp-image-2789\" srcset=\"https:\/\/ggs-marktschule.de\/wp-content\/uploads\/2020\/09\/IMG_4416-1024x683.jpg 1024w, https:\/\/ggs-marktschule.de\/wp-content\/uploads\/2020\/09\/IMG_4416-300x200.jpg 300w, https:\/\/ggs-marktschule.de\/wp-content\/uploads\/2020\/09\/IMG_4416-768x512.jpg 768w, https:\/\/ggs-marktschule.de\/wp-content\/uploads\/2020\/09\/IMG_4416-1536x1024.jpg 1536w, https:\/\/ggs-marktschule.de\/wp-content\/uploads\/2020\/09\/IMG_4416-2048x1366.jpg 2048w\" sizes=\"auto, (max-width: 1024px) 100vw, 1024px\" \/><figcaption class=\"blocks-gallery-item__caption\">Bauraum<\/figcaption><\/figure><\/li><li class=\"blocks-gallery-item\"><figure><img loading=\"lazy\" decoding=\"async\" width=\"1024\" height=\"701\" src=\"https:\/\/ggs-marktschule.de\/wp-content\/uploads\/2020\/09\/IMG_3711-1024x701.jpg\" alt=\"\" data-id=\"2788\" data-full-url=\"https:\/\/ggs-marktschule.de\/wp-content\/uploads\/2020\/09\/IMG_3711.jpg\" data-link=\"https:\/\/ggs-marktschule.de\/index.php\/startseite\/img_3711\/\" class=\"wp-image-2788\" srcset=\"https:\/\/ggs-marktschule.de\/wp-content\/uploads\/2020\/09\/IMG_3711-1024x701.jpg 1024w, https:\/\/ggs-marktschule.de\/wp-content\/uploads\/2020\/09\/IMG_3711-300x205.jpg 300w, https:\/\/ggs-marktschule.de\/wp-content\/uploads\/2020\/09\/IMG_3711-768x525.jpg 768w, https:\/\/ggs-marktschule.de\/wp-content\/uploads\/2020\/09\/IMG_3711-1536x1051.jpg 1536w, https:\/\/ggs-marktschule.de\/wp-content\/uploads\/2020\/09\/IMG_3711-2048x1401.jpg 2048w\" sizes=\"auto, (max-width: 1024px) 100vw, 1024px\" \/><figcaption class=\"blocks-gallery-item__caption\">Halbarena (Schulhof)<\/figcaption><\/figure><\/li><li class=\"blocks-gallery-item\"><figure><img loading=\"lazy\" decoding=\"async\" width=\"1024\" height=\"683\" src=\"https:\/\/ggs-marktschule.de\/wp-content\/uploads\/2020\/09\/IMG_3708-1024x683.jpg\" alt=\"\" data-id=\"2787\" data-full-url=\"https:\/\/ggs-marktschule.de\/wp-content\/uploads\/2020\/09\/IMG_3708.jpg\" data-link=\"https:\/\/ggs-marktschule.de\/index.php\/startseite\/img_3708\/\" class=\"wp-image-2787\" srcset=\"https:\/\/ggs-marktschule.de\/wp-content\/uploads\/2020\/09\/IMG_3708-1024x683.jpg 1024w, https:\/\/ggs-marktschule.de\/wp-content\/uploads\/2020\/09\/IMG_3708-300x200.jpg 300w, https:\/\/ggs-marktschule.de\/wp-content\/uploads\/2020\/09\/IMG_3708-768x512.jpg 768w, https:\/\/ggs-marktschule.de\/wp-content\/uploads\/2020\/09\/IMG_3708-1536x1024.jpg 1536w, https:\/\/ggs-marktschule.de\/wp-content\/uploads\/2020\/09\/IMG_3708-2048x1366.jpg 2048w\" sizes=\"auto, (max-width: 1024px) 100vw, 1024px\" \/><figcaption class=\"blocks-gallery-item__caption\">Spielger\u00fcst (Schulhof)<\/figcaption><\/figure><\/li><li class=\"blocks-gallery-item\"><figure><img loading=\"lazy\" decoding=\"async\" width=\"1024\" height=\"682\" src=\"https:\/\/ggs-marktschule.de\/wp-content\/uploads\/2020\/09\/IMG_3704-1024x682.jpg\" alt=\"\" data-id=\"2785\" data-full-url=\"https:\/\/ggs-marktschule.de\/wp-content\/uploads\/2020\/09\/IMG_3704.jpg\" data-link=\"https:\/\/ggs-marktschule.de\/index.php\/startseite\/img_3704\/\" class=\"wp-image-2785\" srcset=\"https:\/\/ggs-marktschule.de\/wp-content\/uploads\/2020\/09\/IMG_3704-1024x682.jpg 1024w, https:\/\/ggs-marktschule.de\/wp-content\/uploads\/2020\/09\/IMG_3704-300x200.jpg 300w, https:\/\/ggs-marktschule.de\/wp-content\/uploads\/2020\/09\/IMG_3704-768x512.jpg 768w, https:\/\/ggs-marktschule.de\/wp-content\/uploads\/2020\/09\/IMG_3704-1536x1024.jpg 1536w, https:\/\/ggs-marktschule.de\/wp-content\/uploads\/2020\/09\/IMG_3704-2048x1365.jpg 2048w\" sizes=\"auto, (max-width: 1024px) 100vw, 1024px\" \/><figcaption class=\"blocks-gallery-item__caption\">Turnhallenwiese<\/figcaption><\/figure><\/li><li class=\"blocks-gallery-item\"><figure><img loading=\"lazy\" decoding=\"async\" width=\"1024\" height=\"701\" src=\"https:\/\/ggs-marktschule.de\/wp-content\/uploads\/2020\/09\/IMG_3702-1024x701.jpg\" alt=\"\" data-id=\"2784\" data-full-url=\"https:\/\/ggs-marktschule.de\/wp-content\/uploads\/2020\/09\/IMG_3702.jpg\" data-link=\"https:\/\/ggs-marktschule.de\/index.php\/startseite\/img_3702\/\" class=\"wp-image-2784\" srcset=\"https:\/\/ggs-marktschule.de\/wp-content\/uploads\/2020\/09\/IMG_3702-1024x701.jpg 1024w, https:\/\/ggs-marktschule.de\/wp-content\/uploads\/2020\/09\/IMG_3702-300x205.jpg 300w, https:\/\/ggs-marktschule.de\/wp-content\/uploads\/2020\/09\/IMG_3702-768x525.jpg 768w, https:\/\/ggs-marktschule.de\/wp-content\/uploads\/2020\/09\/IMG_3702-1536x1051.jpg 1536w, https:\/\/ggs-marktschule.de\/wp-content\/uploads\/2020\/09\/IMG_3702-2048x1401.jpg 2048w\" sizes=\"auto, (max-width: 1024px) 100vw, 1024px\" \/><figcaption class=\"blocks-gallery-item__caption\">Turnhallenwiese<\/figcaption><\/figure><\/li><li class=\"blocks-gallery-item\"><figure><img loading=\"lazy\" decoding=\"async\" width=\"1024\" height=\"694\" src=\"https:\/\/ggs-marktschule.de\/wp-content\/uploads\/2020\/09\/IMG_3699-1024x694.jpg\" alt=\"\" data-id=\"2783\" data-full-url=\"https:\/\/ggs-marktschule.de\/wp-content\/uploads\/2020\/09\/IMG_3699.jpg\" data-link=\"https:\/\/ggs-marktschule.de\/index.php\/startseite\/img_3699\/\" class=\"wp-image-2783\" srcset=\"https:\/\/ggs-marktschule.de\/wp-content\/uploads\/2020\/09\/IMG_3699-1024x694.jpg 1024w, https:\/\/ggs-marktschule.de\/wp-content\/uploads\/2020\/09\/IMG_3699-300x203.jpg 300w, https:\/\/ggs-marktschule.de\/wp-content\/uploads\/2020\/09\/IMG_3699-768x520.jpg 768w, https:\/\/ggs-marktschule.de\/wp-content\/uploads\/2020\/09\/IMG_3699-1536x1040.jpg 1536w, https:\/\/ggs-marktschule.de\/wp-content\/uploads\/2020\/09\/IMG_3699-2048x1387.jpg 2048w\" sizes=\"auto, (max-width: 1024px) 100vw, 1024px\" \/><figcaption class=\"blocks-gallery-item__caption\">Schulhof<\/figcaption><\/figure><\/li><li class=\"blocks-gallery-item\"><figure><img loading=\"lazy\" decoding=\"async\" width=\"1024\" height=\"683\" src=\"https:\/\/ggs-marktschule.de\/wp-content\/uploads\/2020\/09\/IMG_3692-1024x683.jpg\" alt=\"\" data-id=\"2782\" data-full-url=\"https:\/\/ggs-marktschule.de\/wp-content\/uploads\/2020\/09\/IMG_3692.jpg\" data-link=\"https:\/\/ggs-marktschule.de\/index.php\/startseite\/img_3692\/\" class=\"wp-image-2782\" srcset=\"https:\/\/ggs-marktschule.de\/wp-content\/uploads\/2020\/09\/IMG_3692-1024x683.jpg 1024w, https:\/\/ggs-marktschule.de\/wp-content\/uploads\/2020\/09\/IMG_3692-300x200.jpg 300w, https:\/\/ggs-marktschule.de\/wp-content\/uploads\/2020\/09\/IMG_3692-768x512.jpg 768w, https:\/\/ggs-marktschule.de\/wp-content\/uploads\/2020\/09\/IMG_3692-1536x1024.jpg 1536w, https:\/\/ggs-marktschule.de\/wp-content\/uploads\/2020\/09\/IMG_3692-2048x1366.jpg 2048w\" sizes=\"auto, (max-width: 1024px) 100vw, 1024px\" \/><figcaption class=\"blocks-gallery-item__caption\">Schulhof<\/figcaption><\/figure><\/li><li class=\"blocks-gallery-item\"><figure><img loading=\"lazy\" decoding=\"async\" width=\"940\" height=\"350\" src=\"https:\/\/ggs-marktschule.de\/wp-content\/uploads\/2020\/09\/Marktschule-Arno-Schatz.jpg\" alt=\"\" data-id=\"2746\" data-full-url=\"https:\/\/ggs-marktschule.de\/wp-content\/uploads\/2020\/09\/Marktschule-Arno-Schatz.jpg\" data-link=\"https:\/\/ggs-marktschule.de\/index.php\/startseite\/marktschule-arno-schatz\/\" class=\"wp-image-2746\" srcset=\"https:\/\/ggs-marktschule.de\/wp-content\/uploads\/2020\/09\/Marktschule-Arno-Schatz.jpg 940w, https:\/\/ggs-marktschule.de\/wp-content\/uploads\/2020\/09\/Marktschule-Arno-Schatz-300x112.jpg 300w, https:\/\/ggs-marktschule.de\/wp-content\/uploads\/2020\/09\/Marktschule-Arno-Schatz-768x286.jpg 768w\" sizes=\"auto, (max-width: 940px) 100vw, 940px\" \/><figcaption class=\"blocks-gallery-item__caption\">Schulhof<\/figcaption><\/figure><\/li><\/ul><\/figure>\n","protected":false},"excerpt":{"rendered":"<p>Auf diesen Bildern k\u00f6nnen Sie sich die R\u00e4ume und das Au\u00dfengel\u00e4nde der Marktschule ansehen.<\/p>\n","protected":false},"author":1,"featured_media":0,"parent":0,"menu_order":0,"comment_status":"closed","ping_status":"closed","template":"","meta":{"_custom_body_class":"","_custom_post_class":"","footnotes":"","_links_to":"","_links_to_target":""},"class_list":["post-3132","page","type-page","status-publish","hentry"],"publishpress_future_action":{"enabled":false,"date":"2026-05-07 15:09:42","action":"change-status","newStatus":"draft","terms":[],"taxonomy":"","extraData":[]},"publishpress_future_workflow_manual_trigger":{"enabledWorkflows":[]},"_links":{"self":[{"href":"https:\/\/ggs-marktschule.de\/index.php\/wp-json\/wp\/v2\/pages\/3132","targetHints":{"allow":["GET"]}}],"collection":[{"href":"https:\/\/ggs-marktschule.de\/index.php\/wp-json\/wp\/v2\/pages"}],"about":[{"href":"https:\/\/ggs-marktschule.de\/index.php\/wp-json\/wp\/v2\/types\/page"}],"author":[{"embeddable":true,"href":"https:\/\/ggs-marktschule.de\/index.php\/wp-json\/wp\/v2\/users\/1"}],"replies":[{"embeddable":true,"href":"https:\/\/ggs-marktschule.de\/index.php\/wp-json\/wp\/v2\/comments?post=3132"}],"version-history":[{"count":2,"href":"https:\/\/ggs-marktschule.de\/index.php\/wp-json\/wp\/v2\/pages\/3132\/revisions"}],"predecessor-version":[{"id":3135,"href":"https:\/\/ggs-marktschule.de\/index.php\/wp-json\/wp\/v2\/pages\/3132\/revisions\/3135"}],"wp:attachment":[{"href":"https:\/\/ggs-marktschule.de\/index.php\/wp-json\/wp\/v2\/media?parent=3132"}],"curies":[{"name":"wp","href":"https:\/\/api.w.org\/{rel}","templated":true}]}}