{"id":63,"date":"2019-10-10T13:04:18","date_gmt":"2019-10-10T11:04:18","guid":{"rendered":"http:\/\/wp.ggs-marktschule.de\/?page_id=63"},"modified":"2021-08-18T12:26:44","modified_gmt":"2021-08-18T10:26:44","slug":"schulsozialarbeit","status":"publish","type":"page","link":"https:\/\/ggs-marktschule.de\/index.php\/schulsozialarbeit\/","title":{"rendered":"Schulsozialarbeit"},"content":{"rendered":"\n<h2 class=\"wp-block-heading\">Schulsozialarbeit an der Marktschule<\/h2>\n\n\n\n<p>Liebe Eltern und Erziehungsberechtigte,<\/p>\n\n\n\n<p>seitens der Schulsozialarbeit bieten wir Ihnen an der Marktschule allgemeine Beratung, z.B. im Hinblick auf Sozialleistungen, schulische Krisen oder Erziehungsfragen und bei Bedarf auch Begleitung zu Beh\u00f6rden und verschiedenen Institutionen an.<\/p>\n\n\n\n<p>F\u00fcr die Sch\u00fclerinnen und Sch\u00fcler sind wir in Form von verschiedenen Projekten zum Sozialen Lernen und der Erlebnisp\u00e4dagogik da.<\/p>\n\n\n\n<p>Zudem haben wir immer ein offenes Ohr f\u00fcr Sorgen oder Schwierigkeiten der Kinder.<\/p>\n\n\n\n<p>Wir unterliegen der Schweigepflicht, d.h. Inhalte der Gespr\u00e4che werden nicht ohne Ihr ausdr\u00fcckliches Einverst\u00e4ndnis weitergegeben.<\/p>\n\n\n\n<p>Termine k\u00f6nnen in der Schule oder in den R\u00e4umlichkeiten der Schulsozialarbeit in der Hans-B\u00f6ckler-Str. 3, 53225 Bonn stattfinden.<\/p>\n\n\n\n<p>Die Beratungen k\u00f6nnen in deutscher, arabischer, englischer und spanischer Sprache durchgef\u00fchrt werden.<\/p>\n\n\n\n<p><strong>Kontaktdaten:<\/strong><\/p>\n\n\n\n<p>Julia Kropp<\/p>\n\n\n\n<p>julia.kropp@bonn.de<\/p>\n\n\n\n<p>Mobil +49(0)151.188418 -45<\/p>\n\n\n\n<p><\/p>\n\n\n\n<p><strong>oder:<\/strong><\/p>\n\n\n\n<p>Rami Khater<\/p>\n\n\n\n<p>0170 7081798<\/p>\n\n\n\n<p><a rel=\"noreferrer noopener\" href=\"mailto:rami.khater@bonn.de\" target=\"_blank\">rami.khater@bonn.de<\/a><\/p>\n\n\n\n<p><\/p>\n\n\n\n<p>Au\u00dferdem k\u00f6nnen Sie sich hier die aktuellen Flyer der Schulsozialarbeit herunterladen:<\/p>\n\n\n\n<p><a href=\"https:\/\/ggs-marktschule.de\/index.php\/downloadbereich\/\">Link zu den Flyern: Service &#8211;> Downloadbereich -> Informationen der Schulsozialarbeit<\/a><\/p>\n\n\n\n<p><a rel=\"noreferrer noopener\" href=\"https:\/\/ggs-marktschule.de\/wp-content\/uploads\/2021\/08\/Flyer-deutsch.pdf\" target=\"_blank\">Direkter Link zum Flyer: Deutsch<\/a><\/p>\n\n\n\n<p><a href=\"https:\/\/ggs-marktschule.de\/wp-content\/uploads\/2021\/08\/Flyer-Englisch.pdf\" target=\"_blank\" rel=\"noreferrer noopener\">Direkter Link zum Flyer: Englisch<\/a><\/p>\n\n\n\n<p><a href=\"https:\/\/ggs-marktschule.de\/wp-content\/uploads\/2021\/08\/%D8%AEFlyer-arabisch.pdf\" target=\"_blank\" rel=\"noreferrer noopener\">Direkter Link zum Flyer: Arabisch<\/a><\/p>\n\n\n\n<p><\/p>\n","protected":false},"excerpt":{"rendered":"<p>Schulsozialarbeit an der Marktschule Liebe Eltern und Erziehungsberechtigte, seitens der Schulsozialarbeit bieten wir Ihnen an der Marktschule allgemeine Beratung, z.B. &hellip; <\/p>\n","protected":false},"author":1,"featured_media":0,"parent":0,"menu_order":0,"comment_status":"closed","ping_status":"closed","template":"","meta":{"_custom_body_class":"","_custom_post_class":"","footnotes":"","_links_to":"","_links_to_target":""},"class_list":["post-63","page","type-page","status-publish","hentry"],"publishpress_future_action":{"enabled":false,"date":"2026-05-07 15:53:33","action":"change-status","newStatus":"draft","terms":[],"taxonomy":"","extraData":[]},"publishpress_future_workflow_manual_trigger":{"enabledWorkflows":[]},"_links":{"self":[{"href":"https:\/\/ggs-marktschule.de\/index.php\/wp-json\/wp\/v2\/pages\/63","targetHints":{"allow":["GET"]}}],"collection":[{"href":"https:\/\/ggs-marktschule.de\/index.php\/wp-json\/wp\/v2\/pages"}],"about":[{"href":"https:\/\/ggs-marktschule.de\/index.php\/wp-json\/wp\/v2\/types\/page"}],"author":[{"embeddable":true,"href":"https:\/\/ggs-marktschule.de\/index.php\/wp-json\/wp\/v2\/users\/1"}],"replies":[{"embeddable":true,"href":"https:\/\/ggs-marktschule.de\/index.php\/wp-json\/wp\/v2\/comments?post=63"}],"version-history":[{"count":6,"href":"https:\/\/ggs-marktschule.de\/index.php\/wp-json\/wp\/v2\/pages\/63\/revisions"}],"predecessor-version":[{"id":3463,"href":"https:\/\/ggs-marktschule.de\/index.php\/wp-json\/wp\/v2\/pages\/63\/revisions\/3463"}],"wp:attachment":[{"href":"https:\/\/ggs-marktschule.de\/index.php\/wp-json\/wp\/v2\/media?parent=63"}],"curies":[{"name":"wp","href":"https:\/\/api.w.org\/{rel}","templated":true}]}}